{"id":604,"date":"2023-01-16T10:41:21","date_gmt":"2023-01-16T09:41:21","guid":{"rendered":"https:\/\/navigator-cruising.com\/?page_id=604"},"modified":"2023-03-06T14:27:12","modified_gmt":"2023-03-06T13:27:12","slug":"route","status":"publish","type":"page","link":"https:\/\/navigator-cruising.com\/de\/route\/","title":{"rendered":"Route"},"content":{"rendered":"<div id=\"cs-content\" class=\"cs-content\"><\/div>\n","protected":false},"excerpt":{"rendered":"<p>Routennavigator Route 1 Split, Bol na Bra\u010du, grad Kor\u010dula, otok Lastovo, Vela Luka, grad Vis, grad Hvar, SplitRoute 2 Split, Stari Grad na Hvaru, Jelsa, grad Kor\u010dula, NP Mljet, Lovi\u0161te Pelje\u0161ac, Pu\u010di\u0161\u0107a, SplitRoute 3 Split, grad Hvar, NP Mljet, Dubrovnik, grad Kor\u010dula, Pu\u010di\u0161\u0107a, Stomorska na \u0160olti, SplitRoute 4 Split, Stomorska na \u0160olti, grad Hvar, grad Kor\u010dula, NP Mljet, \u0160ipanska Luka, &#8230; <\/p>\n<div><a href=\"https:\/\/navigator-cruising.com\/de\/route\/\" class=\"more-link\">Read More<\/a><\/div>\n","protected":false},"author":1,"featured_media":0,"parent":0,"menu_order":0,"comment_status":"closed","ping_status":"closed","template":"template-blank-4.php","meta":{"footnotes":""},"class_list":["post-604","page","type-page","status-publish","hentry","no-post-thumbnail"],"_links":{"self":[{"href":"https:\/\/navigator-cruising.com\/de\/wp-json\/wp\/v2\/pages\/604","targetHints":{"allow":["GET"]}}],"collection":[{"href":"https:\/\/navigator-cruising.com\/de\/wp-json\/wp\/v2\/pages"}],"about":[{"href":"https:\/\/navigator-cruising.com\/de\/wp-json\/wp\/v2\/types\/page"}],"author":[{"embeddable":true,"href":"https:\/\/navigator-cruising.com\/de\/wp-json\/wp\/v2\/users\/1"}],"replies":[{"embeddable":true,"href":"https:\/\/navigator-cruising.com\/de\/wp-json\/wp\/v2\/comments?post=604"}],"version-history":[{"count":4,"href":"https:\/\/navigator-cruising.com\/de\/wp-json\/wp\/v2\/pages\/604\/revisions"}],"predecessor-version":[{"id":608,"href":"https:\/\/navigator-cruising.com\/de\/wp-json\/wp\/v2\/pages\/604\/revisions\/608"}],"wp:attachment":[{"href":"https:\/\/navigator-cruising.com\/de\/wp-json\/wp\/v2\/media?parent=604"}],"curies":[{"name":"wp","href":"https:\/\/api.w.org\/{rel}","templated":true}]}}