{"id":595,"date":"2023-01-12T14:38:44","date_gmt":"2023-01-12T13:38:44","guid":{"rendered":"https:\/\/navigator-cruising.com\/?page_id=595"},"modified":"2023-03-06T14:14:56","modified_gmt":"2023-03-06T13:14:56","slug":"schiff","status":"publish","type":"page","link":"https:\/\/navigator-cruising.com\/de\/schiff\/","title":{"rendered":"Schiff"},"content":{"rendered":"<div id=\"cs-content\" class=\"cs-content\"><\/div>\n","protected":false},"excerpt":{"rendered":"<p>NAVIGATOR ist ein Minikreuzer, der 2003 gebaut und 2020 rekonstruiert wurde und f\u00fcr Kreuzfahrten entlang der kroatischen K\u00fcste und der kroatischen Inseln zur Verf\u00fcgung steht. Es verf\u00fcgt \u00fcber 180 Quadratmeter Freifl\u00e4che zum Ausruhen und Sonnenbaden, eine offene Terrasse, ein Wohnzimmer im Innen- und Au\u00dfenbereich. NAVIGATOR bietet Unterkunft in 19 klimatisierten Kabinen (alle mit Bad), f\u00fcr max. 40 Personen. Die Kabinen &#8230; <\/p>\n<div><a href=\"https:\/\/navigator-cruising.com\/de\/schiff\/\" class=\"more-link\">Read More<\/a><\/div>\n","protected":false},"author":1,"featured_media":0,"parent":0,"menu_order":0,"comment_status":"closed","ping_status":"closed","template":"template-blank-4.php","meta":{"footnotes":""},"class_list":["post-595","page","type-page","status-publish","hentry","no-post-thumbnail"],"_links":{"self":[{"href":"https:\/\/navigator-cruising.com\/de\/wp-json\/wp\/v2\/pages\/595","targetHints":{"allow":["GET"]}}],"collection":[{"href":"https:\/\/navigator-cruising.com\/de\/wp-json\/wp\/v2\/pages"}],"about":[{"href":"https:\/\/navigator-cruising.com\/de\/wp-json\/wp\/v2\/types\/page"}],"author":[{"embeddable":true,"href":"https:\/\/navigator-cruising.com\/de\/wp-json\/wp\/v2\/users\/1"}],"replies":[{"embeddable":true,"href":"https:\/\/navigator-cruising.com\/de\/wp-json\/wp\/v2\/comments?post=595"}],"version-history":[{"count":3,"href":"https:\/\/navigator-cruising.com\/de\/wp-json\/wp\/v2\/pages\/595\/revisions"}],"predecessor-version":[{"id":598,"href":"https:\/\/navigator-cruising.com\/de\/wp-json\/wp\/v2\/pages\/595\/revisions\/598"}],"wp:attachment":[{"href":"https:\/\/navigator-cruising.com\/de\/wp-json\/wp\/v2\/media?parent=595"}],"curies":[{"name":"wp","href":"https:\/\/api.w.org\/{rel}","templated":true}]}}