{"id":581,"date":"2022-12-29T13:00:12","date_gmt":"2022-12-29T12:00:12","guid":{"rendered":"https:\/\/navigator-cruising.com\/?page_id=581"},"modified":"2023-03-06T14:34:50","modified_gmt":"2023-03-06T13:34:50","slug":"titelseite","status":"publish","type":"page","link":"https:\/\/navigator-cruising.com\/de\/","title":{"rendered":"Titelseite"},"content":{"rendered":"<div id=\"cs-content\" class=\"cs-content\"><\/div>\n","protected":false},"excerpt":{"rendered":"<p>KREUZFAHRT ZU DEN DALMATISCHENINSELN KREUZFAHRT ZU DEN DALMATISCHENINSELN KREUZFAHRT ZU DEN DALMATISCHENINSELN KREUZFAHRT ZU DEN DALMATISCHEN INSELN Die kalten Wintermonate werden ertr\u00e4glicher, wenn wir wissen, dass wir in der Sommerzeit auf ein einzigartiges Erlebnis einer mehrt\u00e4gigen Kreuzfahrt warten, die vollst\u00e4ndig auf Erholung und Genuss in den wundersch\u00f6nen Adriabuchten ausgerichtet ist. Eine Kreuzfahrt an der kroatischen Seite der Adria ist der &#8230; <\/p>\n<div><a href=\"https:\/\/navigator-cruising.com\/de\/\" class=\"more-link\">Read More<\/a><\/div>\n","protected":false},"author":1,"featured_media":0,"parent":0,"menu_order":0,"comment_status":"closed","ping_status":"closed","template":"template-blank-4.php","meta":{"footnotes":""},"class_list":["post-581","page","type-page","status-publish","hentry","no-post-thumbnail"],"_links":{"self":[{"href":"https:\/\/navigator-cruising.com\/de\/wp-json\/wp\/v2\/pages\/581","targetHints":{"allow":["GET"]}}],"collection":[{"href":"https:\/\/navigator-cruising.com\/de\/wp-json\/wp\/v2\/pages"}],"about":[{"href":"https:\/\/navigator-cruising.com\/de\/wp-json\/wp\/v2\/types\/page"}],"author":[{"embeddable":true,"href":"https:\/\/navigator-cruising.com\/de\/wp-json\/wp\/v2\/users\/1"}],"replies":[{"embeddable":true,"href":"https:\/\/navigator-cruising.com\/de\/wp-json\/wp\/v2\/comments?post=581"}],"version-history":[{"count":7,"href":"https:\/\/navigator-cruising.com\/de\/wp-json\/wp\/v2\/pages\/581\/revisions"}],"predecessor-version":[{"id":612,"href":"https:\/\/navigator-cruising.com\/de\/wp-json\/wp\/v2\/pages\/581\/revisions\/612"}],"wp:attachment":[{"href":"https:\/\/navigator-cruising.com\/de\/wp-json\/wp\/v2\/media?parent=581"}],"curies":[{"name":"wp","href":"https:\/\/api.w.org\/{rel}","templated":true}]}}